{"id":6388,"date":"2024-10-02T16:48:13","date_gmt":"2024-10-02T23:48:13","guid":{"rendered":"https:\/\/chancellor.ucla.edu\/acerca-de-la-oficina"},"modified":"2025-09-04T09:12:58","modified_gmt":"2025-09-04T16:12:58","slug":"about","status":"publish","type":"page","link":"https:\/\/chancellor.ucla.edu\/es\/about","title":{"rendered":"Acerca de la Oficina"},"content":{"rendered":"\n<div class=\"wp-block-group alignwide has-global-padding is-content-justification-left is-layout-constrained wp-container-core-group-is-layout-12dd3699 wp-block-group-is-layout-constrained\">\n<hr class=\"wp-block-separator has-text-color has-ucla-gold-color has-alpha-channel-opacity has-ucla-gold-background-color has-background is-style-ucla-full\"\/>\n\n\n\n<p class=\"has-medium-font-size\" style=\"line-height:1.35\">El rector de UCLA establece la visi\u00f3n y las prioridades estrat\u00e9gicas de la universidad, asegurando que pueda llevar a cabo eficazmente su misi\u00f3n de educaci\u00f3n, investigaci\u00f3n y servicio p\u00fablico.<\/p>\n\n\n\n<p>El rector dirige una empresa acad\u00e9mica que apoya a m\u00e1s de 43,000 estudiantes, 4,300 profesores y 42,000 empleados. Este puesto tambi\u00e9n desempe\u00f1a un papel externo vital, representando a UCLA ante audiencias fuera de la universidad y trabajando con colegas de todo el mundo para abordar los desaf\u00edos y oportunidades en la educaci\u00f3n superior.<\/p>\n\n\n\n<p>Reportando al presidente de la Universidad de California, el rector de UCLA sirve como compa\u00f1ero y socio de los rectores de los otros nueve campus de UC. <\/p>\n\n\n\n<p>Para obtener m\u00e1s informaci\u00f3n sobre la historia de la oficina, visite el <a href=\"https:\/\/chancellor.ucla.edu\/about\/past-leaders\" data-type=\"page\" data-id=\"4011\">sitio de L\u00edderes Hist\u00f3ricos de UCLA.<\/a><\/p>\n\n\n\n<p><\/p>\n<\/div>\n","protected":false},"excerpt":{"rendered":"<p>El rector de UCLA establece la visi\u00f3n y las prioridades estrat\u00e9gicas de la universidad, asegurando que pueda llevar a cabo eficazmente su misi\u00f3n de educaci\u00f3n, investigaci\u00f3n y servicio p\u00fablico. El rector dirige una empresa acad\u00e9mica que apoya a m\u00e1s de&#8230;<\/p>\n","protected":false},"author":2,"featured_media":5875,"parent":0,"menu_order":1,"comment_status":"closed","ping_status":"closed","template":"page-wide.php","meta":{"footnotes":""},"class_list":["post-6388","page","type-page","status-publish","has-post-thumbnail","hentry"],"yoast_head":"<!-- This site is optimized with the Yoast SEO plugin v24.9 - https:\/\/yoast.com\/wordpress\/plugins\/seo\/ -->\n<title>Acerca de la Oficina - UCLA Office of the Chancellor<\/title>\n<meta name=\"robots\" content=\"index, follow, max-snippet:-1, max-image-preview:large, max-video-preview:-1\" \/>\n<link rel=\"canonical\" href=\"https:\/\/chancellor.ucla.edu\/es\/about\" \/>\n<meta property=\"og:locale\" content=\"es_ES\" \/>\n<meta property=\"og:type\" content=\"article\" \/>\n<meta property=\"og:title\" content=\"Acerca de la Oficina - UCLA Office of the Chancellor\" \/>\n<meta property=\"og:description\" content=\"El rector de UCLA establece la visi\u00f3n y las prioridades estrat\u00e9gicas de la universidad, asegurando que pueda llevar a cabo eficazmente su misi\u00f3n de educaci\u00f3n, investigaci\u00f3n y servicio p\u00fablico. El rector dirige una empresa acad\u00e9mica que apoya a m\u00e1s de...\" \/>\n<meta property=\"og:url\" content=\"https:\/\/chancellor.ucla.edu\/es\/about\" \/>\n<meta property=\"og:site_name\" content=\"Office of the Chancellor\" \/>\n<meta property=\"article:modified_time\" content=\"2025-09-04T16:12:58+00:00\" \/>\n<meta property=\"og:image\" content=\"https:\/\/chancellor.ucla.edu\/wp-content\/uploads\/2024\/10\/ucla-chancellor_about-full-1024x356.png\" \/>\n\t<meta property=\"og:image:width\" content=\"1024\" \/>\n\t<meta property=\"og:image:height\" content=\"356\" \/>\n\t<meta property=\"og:image:type\" content=\"image\/png\" \/>\n<meta name=\"twitter:card\" content=\"summary_large_image\" \/>\n<meta name=\"twitter:site\" content=\"@uclachancellor\" \/>\n<meta name=\"twitter:label1\" content=\"Est. reading time\" \/>\n\t<meta name=\"twitter:data1\" content=\"1 minute\" \/>\n<script type=\"application\/ld+json\" class=\"yoast-schema-graph\">{\"@context\":\"https:\/\/schema.org\",\"@graph\":[{\"@type\":\"WebPage\",\"@id\":\"https:\/\/chancellor.ucla.edu\/es\/about\",\"url\":\"https:\/\/chancellor.ucla.edu\/es\/about\",\"name\":\"Acerca de la Oficina - UCLA Office of the Chancellor\",\"isPartOf\":{\"@id\":\"https:\/\/chancellor.ucla.edu\/#website\"},\"primaryImageOfPage\":{\"@id\":\"https:\/\/chancellor.ucla.edu\/es\/about#primaryimage\"},\"image\":{\"@id\":\"https:\/\/chancellor.ucla.edu\/es\/about#primaryimage\"},\"thumbnailUrl\":\"https:\/\/chancellor.ucla.edu\/wp-content\/uploads\/2024\/10\/ucla-chancellor_about-full.png\",\"datePublished\":\"2024-10-02T23:48:13+00:00\",\"dateModified\":\"2025-09-04T16:12:58+00:00\",\"breadcrumb\":{\"@id\":\"https:\/\/chancellor.ucla.edu\/es\/about#breadcrumb\"},\"inLanguage\":\"es-ES\",\"potentialAction\":[{\"@type\":\"ReadAction\",\"target\":[\"https:\/\/chancellor.ucla.edu\/es\/about\"]}]},{\"@type\":\"ImageObject\",\"inLanguage\":\"es-ES\",\"@id\":\"https:\/\/chancellor.ucla.edu\/es\/about#primaryimage\",\"url\":\"https:\/\/chancellor.ucla.edu\/wp-content\/uploads\/2024\/10\/ucla-chancellor_about-full.png\",\"contentUrl\":\"https:\/\/chancellor.ucla.edu\/wp-content\/uploads\/2024\/10\/ucla-chancellor_about-full.png\",\"width\":2880,\"height\":1002},{\"@type\":\"BreadcrumbList\",\"@id\":\"https:\/\/chancellor.ucla.edu\/es\/about#breadcrumb\",\"itemListElement\":[{\"@type\":\"ListItem\",\"position\":1,\"name\":\"Home\",\"item\":\"https:\/\/chancellor.ucla.edu\/\"},{\"@type\":\"ListItem\",\"position\":2,\"name\":\"Acerca de la Oficina\"}]},{\"@type\":\"WebSite\",\"@id\":\"https:\/\/chancellor.ucla.edu\/#website\",\"url\":\"https:\/\/chancellor.ucla.edu\/\",\"name\":\"UCLA Office of the Chancellor\",\"description\":\"\",\"publisher\":{\"@id\":\"https:\/\/chancellor.ucla.edu\/#organization\"},\"potentialAction\":[{\"@type\":\"SearchAction\",\"target\":{\"@type\":\"EntryPoint\",\"urlTemplate\":\"https:\/\/chancellor.ucla.edu\/?s={search_term_string}\"},\"query-input\":{\"@type\":\"PropertyValueSpecification\",\"valueRequired\":true,\"valueName\":\"search_term_string\"}}],\"inLanguage\":\"es-ES\"},{\"@type\":\"Organization\",\"@id\":\"https:\/\/chancellor.ucla.edu\/#organization\",\"name\":\"Office of the Chancellor\",\"url\":\"https:\/\/chancellor.ucla.edu\/\",\"logo\":{\"@type\":\"ImageObject\",\"inLanguage\":\"es-ES\",\"@id\":\"https:\/\/chancellor.ucla.edu\/#\/schema\/logo\/image\/\",\"url\":\"https:\/\/chancellor.ucla.edu\/wp-content\/uploads\/2020\/04\/tLkJo36s_400x400-1.jpg\",\"contentUrl\":\"https:\/\/chancellor.ucla.edu\/wp-content\/uploads\/2020\/04\/tLkJo36s_400x400-1.jpg\",\"width\":400,\"height\":400,\"caption\":\"Office of the Chancellor\"},\"image\":{\"@id\":\"https:\/\/chancellor.ucla.edu\/#\/schema\/logo\/image\/\"},\"sameAs\":[\"https:\/\/x.com\/uclachancellor\",\"https:\/\/www.instagram.com\/uclachancellor\/\"]}]}<\/script>\n<!-- \/ Yoast SEO plugin. -->","yoast_head_json":{"title":"Acerca de la Oficina - UCLA Office of the Chancellor","robots":{"index":"index","follow":"follow","max-snippet":"max-snippet:-1","max-image-preview":"max-image-preview:large","max-video-preview":"max-video-preview:-1"},"canonical":"https:\/\/chancellor.ucla.edu\/es\/about","og_locale":"es_ES","og_type":"article","og_title":"Acerca de la Oficina - UCLA Office of the Chancellor","og_description":"El rector de UCLA establece la visi\u00f3n y las prioridades estrat\u00e9gicas de la universidad, asegurando que pueda llevar a cabo eficazmente su misi\u00f3n de educaci\u00f3n, investigaci\u00f3n y servicio p\u00fablico. El rector dirige una empresa acad\u00e9mica que apoya a m\u00e1s de...","og_url":"https:\/\/chancellor.ucla.edu\/es\/about","og_site_name":"Office of the Chancellor","article_modified_time":"2025-09-04T16:12:58+00:00","og_image":[{"width":1024,"height":356,"url":"https:\/\/chancellor.ucla.edu\/wp-content\/uploads\/2024\/10\/ucla-chancellor_about-full-1024x356.png","type":"image\/png"}],"twitter_card":"summary_large_image","twitter_site":"@uclachancellor","twitter_misc":{"Est. reading time":"1 minute"},"schema":{"@context":"https:\/\/schema.org","@graph":[{"@type":"WebPage","@id":"https:\/\/chancellor.ucla.edu\/es\/about","url":"https:\/\/chancellor.ucla.edu\/es\/about","name":"Acerca de la Oficina - UCLA Office of the Chancellor","isPartOf":{"@id":"https:\/\/chancellor.ucla.edu\/#website"},"primaryImageOfPage":{"@id":"https:\/\/chancellor.ucla.edu\/es\/about#primaryimage"},"image":{"@id":"https:\/\/chancellor.ucla.edu\/es\/about#primaryimage"},"thumbnailUrl":"https:\/\/chancellor.ucla.edu\/wp-content\/uploads\/2024\/10\/ucla-chancellor_about-full.png","datePublished":"2024-10-02T23:48:13+00:00","dateModified":"2025-09-04T16:12:58+00:00","breadcrumb":{"@id":"https:\/\/chancellor.ucla.edu\/es\/about#breadcrumb"},"inLanguage":"es-ES","potentialAction":[{"@type":"ReadAction","target":["https:\/\/chancellor.ucla.edu\/es\/about"]}]},{"@type":"ImageObject","inLanguage":"es-ES","@id":"https:\/\/chancellor.ucla.edu\/es\/about#primaryimage","url":"https:\/\/chancellor.ucla.edu\/wp-content\/uploads\/2024\/10\/ucla-chancellor_about-full.png","contentUrl":"https:\/\/chancellor.ucla.edu\/wp-content\/uploads\/2024\/10\/ucla-chancellor_about-full.png","width":2880,"height":1002},{"@type":"BreadcrumbList","@id":"https:\/\/chancellor.ucla.edu\/es\/about#breadcrumb","itemListElement":[{"@type":"ListItem","position":1,"name":"Home","item":"https:\/\/chancellor.ucla.edu\/"},{"@type":"ListItem","position":2,"name":"Acerca de la Oficina"}]},{"@type":"WebSite","@id":"https:\/\/chancellor.ucla.edu\/#website","url":"https:\/\/chancellor.ucla.edu\/","name":"UCLA Office of the Chancellor","description":"","publisher":{"@id":"https:\/\/chancellor.ucla.edu\/#organization"},"potentialAction":[{"@type":"SearchAction","target":{"@type":"EntryPoint","urlTemplate":"https:\/\/chancellor.ucla.edu\/?s={search_term_string}"},"query-input":{"@type":"PropertyValueSpecification","valueRequired":true,"valueName":"search_term_string"}}],"inLanguage":"es-ES"},{"@type":"Organization","@id":"https:\/\/chancellor.ucla.edu\/#organization","name":"Office of the Chancellor","url":"https:\/\/chancellor.ucla.edu\/","logo":{"@type":"ImageObject","inLanguage":"es-ES","@id":"https:\/\/chancellor.ucla.edu\/#\/schema\/logo\/image\/","url":"https:\/\/chancellor.ucla.edu\/wp-content\/uploads\/2020\/04\/tLkJo36s_400x400-1.jpg","contentUrl":"https:\/\/chancellor.ucla.edu\/wp-content\/uploads\/2020\/04\/tLkJo36s_400x400-1.jpg","width":400,"height":400,"caption":"Office of the Chancellor"},"image":{"@id":"https:\/\/chancellor.ucla.edu\/#\/schema\/logo\/image\/"},"sameAs":["https:\/\/x.com\/uclachancellor","https:\/\/www.instagram.com\/uclachancellor\/"]}]}},"_links":{"self":[{"href":"https:\/\/chancellor.ucla.edu\/es\/wp-json\/wp\/v2\/pages\/6388","targetHints":{"allow":["GET"]}}],"collection":[{"href":"https:\/\/chancellor.ucla.edu\/es\/wp-json\/wp\/v2\/pages"}],"about":[{"href":"https:\/\/chancellor.ucla.edu\/es\/wp-json\/wp\/v2\/types\/page"}],"author":[{"embeddable":true,"href":"https:\/\/chancellor.ucla.edu\/es\/wp-json\/wp\/v2\/users\/2"}],"replies":[{"embeddable":true,"href":"https:\/\/chancellor.ucla.edu\/es\/wp-json\/wp\/v2\/comments?post=6388"}],"version-history":[{"count":1,"href":"https:\/\/chancellor.ucla.edu\/es\/wp-json\/wp\/v2\/pages\/6388\/revisions"}],"predecessor-version":[{"id":6389,"href":"https:\/\/chancellor.ucla.edu\/es\/wp-json\/wp\/v2\/pages\/6388\/revisions\/6389"}],"wp:featuredmedia":[{"embeddable":true,"href":"https:\/\/chancellor.ucla.edu\/es\/wp-json\/wp\/v2\/media\/5875"}],"wp:attachment":[{"href":"https:\/\/chancellor.ucla.edu\/es\/wp-json\/wp\/v2\/media?parent=6388"}],"curies":[{"name":"wp","href":"https:\/\/api.w.org\/{rel}","templated":true}]}}