{"id":6390,"date":"2024-10-07T20:39:38","date_gmt":"2024-10-08T03:39:38","guid":{"rendered":"https:\/\/chancellor.ucla.edu\/acerca-de-la-oficina\/julio-frenk"},"modified":"2025-09-04T09:13:52","modified_gmt":"2025-09-04T16:13:52","slug":"chancellor","status":"publish","type":"page","link":"https:\/\/chancellor.ucla.edu\/es\/about\/chancellor","title":{"rendered":"Julio Frenk"},"content":{"rendered":"\n<p class=\"has-small-font-size\"><strong>Rector<\/strong><\/p>\n\n<div class=\"wp-block-group is-layout-flow wp-block-group-is-layout-flow\">\n<hr class=\"wp-block-separator has-text-color has-ucla-gold-color has-alpha-channel-opacity has-ucla-gold-background-color has-background is-style-ucla-full\" style=\"margin-top:2rem;margin-bottom:2rem\"\/>\n<\/div>\n\n<p class=\"has-medium-font-size\" style=\"line-height:1.35\">Un m\u00e9dico de cuarta generaci\u00f3n cuyos abuelos paternos huyeron de Alemania a principios de la d\u00e9cada de 1930 para construir una nueva vida en M\u00e9xico, Julio Frenk cataliz\u00f3 su profunda gratitud por la amabilidad de los extra\u00f1os en una misi\u00f3n de por vida para mejorar la salud, la educaci\u00f3n y el bienestar de las personas en todo el mundo.<\/p>\n\n<p>Dr. Frenk se convirti\u00f3 en el s\u00e9ptimo rector de UCLA el 1 de enero de 2025. Tambi\u00e9n tiene una designaci\u00f3n acad\u00e9mica como profesor distinguido en el Departamento de Pol\u00edtica y Gesti\u00f3n de Salud de la Escuela de Salud P\u00fablica Fielding de UCLA. Antes de unirse a UCLA, se desempe\u00f1\u00f3 como presidente de la Universidad de Miami de 2015 a 2024, donde tambi\u00e9n fue profesor titular. De 2009 a 2015 fue decano de la Escuela de Salud P\u00fablica T.H. Chan de Harvard y titular de la c\u00e1tedra T &amp; G Angelopoulos de Salud P\u00fablica y Desarrollo Internacional, un nombramiento conjunto con la Escuela Kennedy de Gobierno de Harvard. \u00c9l es el primer latino en dirigir estas instituciones de educaci\u00f3n superior.<\/p>\n\n<div class=\"wp-block-group is-layout-flow wp-block-group-is-layout-flow\">\n<figure class=\"wp-block-image alignright size-full is-resized -mr-88px\"><img loading=\"lazy\" decoding=\"async\" width=\"952\" height=\"804\" src=\"https:\/\/chancellor.ucla.edu\/wp-content\/uploads\/2024\/12\/frenk1.jpg\" alt=\"Julio Frenk con una corbata amarilla.\" class=\"wp-image-4585\" style=\"width:476px\" srcset=\"https:\/\/chancellor.ucla.edu\/wp-content\/uploads\/2024\/12\/frenk1.jpg 952w, https:\/\/chancellor.ucla.edu\/wp-content\/uploads\/2024\/12\/frenk1-300x253.jpg 300w, https:\/\/chancellor.ucla.edu\/wp-content\/uploads\/2024\/12\/frenk1-768x649.jpg 768w\" sizes=\"auto, (max-width: 952px) 100vw, 952px\" \/><\/figure>\n<\/div>\n\n<p>Julio Frenk se desempe\u00f1\u00f3 como secretario federal de Salud de M\u00e9xico de 2000 a 2006. All\u00ed sigui\u00f3 una agenda ambiciosa para reformar el sistema de salud de la naci\u00f3n e introdujo un programa de cobertura universal integral, conocido como Seguro Popular, que ampli\u00f3 el acceso a la atenci\u00f3n m\u00e9dica para m\u00e1s de 55 millones de personas que antes no ten\u00edan seguro.<\/p>\n\n<p>Fue el director general fundador del Instituto Nacional de Salud P\u00fablica de M\u00e9xico, una de las instituciones l\u00edderes de su tipo en el mundo en desarrollo. Tambi\u00e9n se desempe\u00f1\u00f3 como director ejecutivo a cargo de evidencia e informaci\u00f3n para pol\u00edticas en la Organizaci\u00f3n Mundial de la Salud y como miembro s\u00e9nior del programa de salud global de la Fundaci\u00f3n Bill y Melinda Gates, entre otros puestos de liderazgo.<\/p>\n\n<hr class=\"wp-block-separator has-text-color has-ucla-gold-color has-alpha-channel-opacity has-ucla-gold-background-color has-background is-style-wide\" style=\"margin-top:2.5rem;margin-bottom:2rem\"\/>\n\n<p class=\"has-text-align-center has-darker-blue-color has-text-color has-link-color wp-elements-23d9df094ad8d24eaa0e425dcf216a0e\" style=\"font-size:clamp(17.905px, 1.119rem + ((1vw - 7.68px) * 2.214), 28px);line-height:1.4\">Me veo como un constructor de puentes, formado por la experiencia y la conexi\u00f3n a trav\u00e9s de las diferencias. Mi vida abarca los Estados Unidos, M\u00e9xico y Suiza, y mi familia de m\u00fasicos, escritores, cient\u00edficos y m\u00e9dicos vincula las artes, las ciencias y las humanidades. A trav\u00e9s de mi trabajo en el mundo acad\u00e9mico y las pol\u00edticas p\u00fablicas, me he esforzado por conectar el conocimiento y la acci\u00f3n al servicio del bien com\u00fan. <\/p>\n\n<hr class=\"wp-block-separator has-text-color has-ucla-gold-color has-alpha-channel-opacity has-ucla-gold-background-color has-background is-style-wide\" style=\"margin-top:2rem;margin-bottom:2.5rem\"\/>\n\n<p>El Rector Frenk tiene un t\u00edtulo de medicina de la Universidad Nacional de M\u00e9xico, as\u00ed como una maestr\u00eda en salud p\u00fablica y un doctorado conjunto en organizaci\u00f3n de atenci\u00f3n m\u00e9dica y en sociolog\u00eda de la Universidad de Michigan. Ha recibido t\u00edtulos honor\u00edficos de once universidades de los Estados Unidos, Canad\u00e1, Europa y M\u00e9xico.<\/p>\n\n<p>Su producci\u00f3n acad\u00e9mica, que incluye cerca de 200 art\u00edculos en revistas acad\u00e9micas, as\u00ed como muchos libros y cap\u00edtulos de libros, ha sido citada m\u00e1s de 37.000 veces. Adem\u00e1s, ha escrito cinco novelas para j\u00f3venes que explican las funciones del cuerpo humano.<\/p>\n\n<div class=\"wp-block-group is-layout-flow wp-block-group-is-layout-flow\">\n<figure class=\"wp-block-image alignleft size-full is-resized -ml-88px\"><img loading=\"lazy\" decoding=\"async\" width=\"952\" height=\"818\" src=\"https:\/\/chancellor.ucla.edu\/wp-content\/uploads\/2024\/12\/frenk2.jpg\" alt=\"Julio Frenk hablando en un estudio.\" class=\"wp-image-4587\" style=\"width:476px\" srcset=\"https:\/\/chancellor.ucla.edu\/wp-content\/uploads\/2024\/12\/frenk2.jpg 952w, https:\/\/chancellor.ucla.edu\/wp-content\/uploads\/2024\/12\/frenk2-300x258.jpg 300w, https:\/\/chancellor.ucla.edu\/wp-content\/uploads\/2024\/12\/frenk2-768x660.jpg 768w\" sizes=\"auto, (max-width: 952px) 100vw, 952px\" \/><\/figure>\n<\/div>\n\n<p>Frenk es miembro de la Academia Estadounidense de las Artes y las Ciencias, la Academia Nacional de Medicina de los Estados Unidos, la Academia Nacional de Medicina de M\u00e9xico y El Colegio Nacional (la sociedad erudita m\u00e1s prestigiosa de cient\u00edficos, intelectuales y artistas en M\u00e9xico). Ha recibido numerosos reconocimientos, incluido el Clinton Global Citizen Award por cambiar la forma en que los profesionales y los responsables pol\u00edticos de todo el mundo piensan sobre la salud, la Medalla Bouchet al Liderazgo Sobresaliente por promover la diversidad en la educaci\u00f3n de posgrado, otorgada por Yale University, y el Premio Welch-Rose por Servicio Distinguido, otorgado por la Asociaci\u00f3n de Escuelas y Programas de Salud P\u00fablica. En 2024, TIME Magazine lo nombr\u00f3 como uno de los principales l\u00edderes latinos por sus contribuciones a la salud p\u00fablica y la educaci\u00f3n superior.<\/p>\n","protected":false},"excerpt":{"rendered":"<p>Rector Un m\u00e9dico de cuarta generaci\u00f3n cuyos abuelos paternos huyeron de Alemania a principios de la d\u00e9cada de 1930 para construir una nueva vida en M\u00e9xico, Julio Frenk cataliz\u00f3 su profunda gratitud por la amabilidad de los extra\u00f1os en una&#8230;<\/p>\n","protected":false},"author":2,"featured_media":5999,"parent":6388,"menu_order":0,"comment_status":"closed","ping_status":"closed","template":"","meta":{"footnotes":""},"class_list":["post-6390","page","type-page","status-publish","has-post-thumbnail","hentry"],"yoast_head":"<!-- This site is optimized with the Yoast SEO plugin v24.9 - https:\/\/yoast.com\/wordpress\/plugins\/seo\/ -->\n<title>Julio Frenk - UCLA Office of the Chancellor<\/title>\n<meta name=\"robots\" content=\"index, follow, max-snippet:-1, max-image-preview:large, max-video-preview:-1\" \/>\n<link rel=\"canonical\" href=\"https:\/\/chancellor.ucla.edu\/es\/about\/chancellor\" \/>\n<meta property=\"og:locale\" content=\"es_ES\" \/>\n<meta property=\"og:type\" content=\"article\" \/>\n<meta property=\"og:title\" content=\"Julio Frenk - UCLA Office of the Chancellor\" \/>\n<meta property=\"og:description\" content=\"Rector Un m\u00e9dico de cuarta generaci\u00f3n cuyos abuelos paternos huyeron de Alemania a principios de la d\u00e9cada de 1930 para construir una nueva vida en M\u00e9xico, Julio Frenk cataliz\u00f3 su profunda gratitud por la amabilidad de los extra\u00f1os en una...\" \/>\n<meta property=\"og:url\" content=\"https:\/\/chancellor.ucla.edu\/es\/about\/chancellor\" \/>\n<meta property=\"og:site_name\" content=\"Office of the Chancellor\" \/>\n<meta property=\"article:modified_time\" content=\"2025-09-04T16:13:52+00:00\" \/>\n<meta property=\"og:image\" content=\"https:\/\/chancellor.ucla.edu\/wp-content\/uploads\/2024\/12\/DrJulioFrenk_EXPANDED_2-scaled.jpg\" \/>\n\t<meta property=\"og:image:width\" content=\"2560\" \/>\n\t<meta property=\"og:image:height\" content=\"1134\" \/>\n\t<meta property=\"og:image:type\" content=\"image\/jpeg\" \/>\n<meta name=\"twitter:card\" content=\"summary_large_image\" \/>\n<meta name=\"twitter:site\" content=\"@uclachancellor\" \/>\n<meta name=\"twitter:label1\" content=\"Est. reading time\" \/>\n\t<meta name=\"twitter:data1\" content=\"4 minutes\" \/>\n<script type=\"application\/ld+json\" class=\"yoast-schema-graph\">{\"@context\":\"https:\/\/schema.org\",\"@graph\":[{\"@type\":\"WebPage\",\"@id\":\"https:\/\/chancellor.ucla.edu\/es\/about\/chancellor\",\"url\":\"https:\/\/chancellor.ucla.edu\/es\/about\/chancellor\",\"name\":\"Julio Frenk - UCLA Office of the Chancellor\",\"isPartOf\":{\"@id\":\"https:\/\/chancellor.ucla.edu\/#website\"},\"primaryImageOfPage\":{\"@id\":\"https:\/\/chancellor.ucla.edu\/es\/about\/chancellor#primaryimage\"},\"image\":{\"@id\":\"https:\/\/chancellor.ucla.edu\/es\/about\/chancellor#primaryimage\"},\"thumbnailUrl\":\"https:\/\/chancellor.ucla.edu\/wp-content\/uploads\/2024\/12\/DrJulioFrenk_EXPANDED_2-scaled.jpg\",\"datePublished\":\"2024-10-08T03:39:38+00:00\",\"dateModified\":\"2025-09-04T16:13:52+00:00\",\"breadcrumb\":{\"@id\":\"https:\/\/chancellor.ucla.edu\/es\/about\/chancellor#breadcrumb\"},\"inLanguage\":\"es-ES\",\"potentialAction\":[{\"@type\":\"ReadAction\",\"target\":[\"https:\/\/chancellor.ucla.edu\/es\/about\/chancellor\"]}]},{\"@type\":\"ImageObject\",\"inLanguage\":\"es-ES\",\"@id\":\"https:\/\/chancellor.ucla.edu\/es\/about\/chancellor#primaryimage\",\"url\":\"https:\/\/chancellor.ucla.edu\/wp-content\/uploads\/2024\/12\/DrJulioFrenk_EXPANDED_2-scaled.jpg\",\"contentUrl\":\"https:\/\/chancellor.ucla.edu\/wp-content\/uploads\/2024\/12\/DrJulioFrenk_EXPANDED_2-scaled.jpg\",\"width\":2560,\"height\":1134},{\"@type\":\"BreadcrumbList\",\"@id\":\"https:\/\/chancellor.ucla.edu\/es\/about\/chancellor#breadcrumb\",\"itemListElement\":[{\"@type\":\"ListItem\",\"position\":1,\"name\":\"Home\",\"item\":\"https:\/\/chancellor.ucla.edu\/\"},{\"@type\":\"ListItem\",\"position\":2,\"name\":\"Acerca de la Oficina\",\"item\":\"https:\/\/chancellor.ucla.edu\/es\/about\"},{\"@type\":\"ListItem\",\"position\":3,\"name\":\"Julio Frenk\"}]},{\"@type\":\"WebSite\",\"@id\":\"https:\/\/chancellor.ucla.edu\/#website\",\"url\":\"https:\/\/chancellor.ucla.edu\/\",\"name\":\"UCLA Office of the Chancellor\",\"description\":\"\",\"publisher\":{\"@id\":\"https:\/\/chancellor.ucla.edu\/#organization\"},\"potentialAction\":[{\"@type\":\"SearchAction\",\"target\":{\"@type\":\"EntryPoint\",\"urlTemplate\":\"https:\/\/chancellor.ucla.edu\/?s={search_term_string}\"},\"query-input\":{\"@type\":\"PropertyValueSpecification\",\"valueRequired\":true,\"valueName\":\"search_term_string\"}}],\"inLanguage\":\"es-ES\"},{\"@type\":\"Organization\",\"@id\":\"https:\/\/chancellor.ucla.edu\/#organization\",\"name\":\"Office of the Chancellor\",\"url\":\"https:\/\/chancellor.ucla.edu\/\",\"logo\":{\"@type\":\"ImageObject\",\"inLanguage\":\"es-ES\",\"@id\":\"https:\/\/chancellor.ucla.edu\/#\/schema\/logo\/image\/\",\"url\":\"https:\/\/chancellor.ucla.edu\/wp-content\/uploads\/2020\/04\/tLkJo36s_400x400-1.jpg\",\"contentUrl\":\"https:\/\/chancellor.ucla.edu\/wp-content\/uploads\/2020\/04\/tLkJo36s_400x400-1.jpg\",\"width\":400,\"height\":400,\"caption\":\"Office of the Chancellor\"},\"image\":{\"@id\":\"https:\/\/chancellor.ucla.edu\/#\/schema\/logo\/image\/\"},\"sameAs\":[\"https:\/\/x.com\/uclachancellor\",\"https:\/\/www.instagram.com\/uclachancellor\/\"]}]}<\/script>\n<!-- \/ Yoast SEO plugin. -->","yoast_head_json":{"title":"Julio Frenk - UCLA Office of the Chancellor","robots":{"index":"index","follow":"follow","max-snippet":"max-snippet:-1","max-image-preview":"max-image-preview:large","max-video-preview":"max-video-preview:-1"},"canonical":"https:\/\/chancellor.ucla.edu\/es\/about\/chancellor","og_locale":"es_ES","og_type":"article","og_title":"Julio Frenk - UCLA Office of the Chancellor","og_description":"Rector Un m\u00e9dico de cuarta generaci\u00f3n cuyos abuelos paternos huyeron de Alemania a principios de la d\u00e9cada de 1930 para construir una nueva vida en M\u00e9xico, Julio Frenk cataliz\u00f3 su profunda gratitud por la amabilidad de los extra\u00f1os en una...","og_url":"https:\/\/chancellor.ucla.edu\/es\/about\/chancellor","og_site_name":"Office of the Chancellor","article_modified_time":"2025-09-04T16:13:52+00:00","og_image":[{"width":2560,"height":1134,"url":"https:\/\/chancellor.ucla.edu\/wp-content\/uploads\/2024\/12\/DrJulioFrenk_EXPANDED_2-scaled.jpg","type":"image\/jpeg"}],"twitter_card":"summary_large_image","twitter_site":"@uclachancellor","twitter_misc":{"Est. reading time":"4 minutes"},"schema":{"@context":"https:\/\/schema.org","@graph":[{"@type":"WebPage","@id":"https:\/\/chancellor.ucla.edu\/es\/about\/chancellor","url":"https:\/\/chancellor.ucla.edu\/es\/about\/chancellor","name":"Julio Frenk - UCLA Office of the Chancellor","isPartOf":{"@id":"https:\/\/chancellor.ucla.edu\/#website"},"primaryImageOfPage":{"@id":"https:\/\/chancellor.ucla.edu\/es\/about\/chancellor#primaryimage"},"image":{"@id":"https:\/\/chancellor.ucla.edu\/es\/about\/chancellor#primaryimage"},"thumbnailUrl":"https:\/\/chancellor.ucla.edu\/wp-content\/uploads\/2024\/12\/DrJulioFrenk_EXPANDED_2-scaled.jpg","datePublished":"2024-10-08T03:39:38+00:00","dateModified":"2025-09-04T16:13:52+00:00","breadcrumb":{"@id":"https:\/\/chancellor.ucla.edu\/es\/about\/chancellor#breadcrumb"},"inLanguage":"es-ES","potentialAction":[{"@type":"ReadAction","target":["https:\/\/chancellor.ucla.edu\/es\/about\/chancellor"]}]},{"@type":"ImageObject","inLanguage":"es-ES","@id":"https:\/\/chancellor.ucla.edu\/es\/about\/chancellor#primaryimage","url":"https:\/\/chancellor.ucla.edu\/wp-content\/uploads\/2024\/12\/DrJulioFrenk_EXPANDED_2-scaled.jpg","contentUrl":"https:\/\/chancellor.ucla.edu\/wp-content\/uploads\/2024\/12\/DrJulioFrenk_EXPANDED_2-scaled.jpg","width":2560,"height":1134},{"@type":"BreadcrumbList","@id":"https:\/\/chancellor.ucla.edu\/es\/about\/chancellor#breadcrumb","itemListElement":[{"@type":"ListItem","position":1,"name":"Home","item":"https:\/\/chancellor.ucla.edu\/"},{"@type":"ListItem","position":2,"name":"Acerca de la Oficina","item":"https:\/\/chancellor.ucla.edu\/es\/about"},{"@type":"ListItem","position":3,"name":"Julio Frenk"}]},{"@type":"WebSite","@id":"https:\/\/chancellor.ucla.edu\/#website","url":"https:\/\/chancellor.ucla.edu\/","name":"UCLA Office of the Chancellor","description":"","publisher":{"@id":"https:\/\/chancellor.ucla.edu\/#organization"},"potentialAction":[{"@type":"SearchAction","target":{"@type":"EntryPoint","urlTemplate":"https:\/\/chancellor.ucla.edu\/?s={search_term_string}"},"query-input":{"@type":"PropertyValueSpecification","valueRequired":true,"valueName":"search_term_string"}}],"inLanguage":"es-ES"},{"@type":"Organization","@id":"https:\/\/chancellor.ucla.edu\/#organization","name":"Office of the Chancellor","url":"https:\/\/chancellor.ucla.edu\/","logo":{"@type":"ImageObject","inLanguage":"es-ES","@id":"https:\/\/chancellor.ucla.edu\/#\/schema\/logo\/image\/","url":"https:\/\/chancellor.ucla.edu\/wp-content\/uploads\/2020\/04\/tLkJo36s_400x400-1.jpg","contentUrl":"https:\/\/chancellor.ucla.edu\/wp-content\/uploads\/2020\/04\/tLkJo36s_400x400-1.jpg","width":400,"height":400,"caption":"Office of the Chancellor"},"image":{"@id":"https:\/\/chancellor.ucla.edu\/#\/schema\/logo\/image\/"},"sameAs":["https:\/\/x.com\/uclachancellor","https:\/\/www.instagram.com\/uclachancellor\/"]}]}},"_links":{"self":[{"href":"https:\/\/chancellor.ucla.edu\/es\/wp-json\/wp\/v2\/pages\/6390","targetHints":{"allow":["GET"]}}],"collection":[{"href":"https:\/\/chancellor.ucla.edu\/es\/wp-json\/wp\/v2\/pages"}],"about":[{"href":"https:\/\/chancellor.ucla.edu\/es\/wp-json\/wp\/v2\/types\/page"}],"author":[{"embeddable":true,"href":"https:\/\/chancellor.ucla.edu\/es\/wp-json\/wp\/v2\/users\/2"}],"replies":[{"embeddable":true,"href":"https:\/\/chancellor.ucla.edu\/es\/wp-json\/wp\/v2\/comments?post=6390"}],"version-history":[{"count":1,"href":"https:\/\/chancellor.ucla.edu\/es\/wp-json\/wp\/v2\/pages\/6390\/revisions"}],"predecessor-version":[{"id":6391,"href":"https:\/\/chancellor.ucla.edu\/es\/wp-json\/wp\/v2\/pages\/6390\/revisions\/6391"}],"up":[{"embeddable":true,"href":"https:\/\/chancellor.ucla.edu\/es\/wp-json\/wp\/v2\/pages\/6388"}],"wp:featuredmedia":[{"embeddable":true,"href":"https:\/\/chancellor.ucla.edu\/es\/wp-json\/wp\/v2\/media\/5999"}],"wp:attachment":[{"href":"https:\/\/chancellor.ucla.edu\/es\/wp-json\/wp\/v2\/media?parent=6390"}],"curies":[{"name":"wp","href":"https:\/\/api.w.org\/{rel}","templated":true}]}}