{"id":6392,"date":"2024-10-11T19:38:52","date_gmt":"2024-10-12T02:38:52","guid":{"rendered":"https:\/\/chancellor.ucla.edu\/acerca-de-la-oficina\/felicia-marie-knaul"},"modified":"2025-09-04T09:13:25","modified_gmt":"2025-09-04T16:13:25","slug":"associate-of-the-chancellor","status":"publish","type":"page","link":"https:\/\/chancellor.ucla.edu\/es\/about\/associate-of-the-chancellor","title":{"rendered":"Felicia Marie Knaul"},"content":{"rendered":"\n<p class=\"has-small-font-size\"><strong>Asociada del rector<\/strong><\/p>\n\n<div class=\"wp-block-group is-layout-flow wp-block-group-is-layout-flow\">\n<hr class=\"wp-block-separator has-text-color has-ucla-gold-color has-alpha-channel-opacity has-ucla-gold-background-color has-background is-style-ucla-full\" style=\"margin-top:2rem;margin-bottom:2rem\"\/>\n<\/div>\n\n<p class=\"has-medium-font-size\" style=\"line-height:1.35\">Felicia Marie Knaul, asociada del rector de UCLA y reconocida internacionalmente por su investigaci\u00f3n transformadora y transferible en salud global, sistemas de salud y econom\u00eda de la salud, centrada en la reducci\u00f3n de desigualdades. Tambi\u00e9n es profesora distinguida de medicina y se desempe\u00f1a como asesora principal del decano de la Facultad de Medicina David Geffen de UCLA, as\u00ed como asesora principal del presidente de UCLA Health y miembro del Centro Oncol\u00f3gico Integral Jonsson. <\/p>\n\n<p>Su trabajo ha influido en las pol\u00edticas y mejorado la condici\u00f3n de las poblaciones en riesgo en pa\u00edses de ingresos bajos y medianos, particularmente en Am\u00e9rica Latina. Fund\u00f3 una organizaci\u00f3n de la sociedad civil mexicana; encabez\u00f3 m\u00faltiples redes globales de investigadores, l\u00edderes de educaci\u00f3n superior, organizaciones de defensa, formuladores de pol\u00edticas e iniciativas de pol\u00edticas multisectoriales; y es autora de unas 350 publicaciones acad\u00e9micas y pol\u00edticas.<\/p>\n\n<div class=\"wp-block-group is-layout-flow wp-block-group-is-layout-flow\">\n<figure class=\"wp-block-image alignleft size-full is-resized -ml-88px\"><img loading=\"lazy\" decoding=\"async\" width=\"952\" height=\"1175\" src=\"https:\/\/chancellor.ucla.edu\/wp-content\/uploads\/2024\/12\/knaul1.jpg\" alt=\"Felicia Knaul y Julio Frenk tomados de la mano\" class=\"wp-image-4560\" style=\"width:476px\" srcset=\"https:\/\/chancellor.ucla.edu\/wp-content\/uploads\/2024\/12\/knaul1.jpg 952w, https:\/\/chancellor.ucla.edu\/wp-content\/uploads\/2024\/12\/knaul1-243x300.jpg 243w, https:\/\/chancellor.ucla.edu\/wp-content\/uploads\/2024\/12\/knaul1-830x1024.jpg 830w, https:\/\/chancellor.ucla.edu\/wp-content\/uploads\/2024\/12\/knaul1-768x948.jpg 768w\" sizes=\"auto, (max-width: 952px) 100vw, 952px\" \/><\/figure>\n<\/div>\n\n<p>Una mujer que ha vivido a trav\u00e9s del c\u00e1ncer de mama, la Dra. Knaul fund\u00f3 y sirve como presidenta de T\u00f3matelo a Pecho, una agencia mexicana sin fines de lucro originalmente enfocada en el c\u00e1ncer de mama que ahora ha ampliado su mandato para incluir la salud de las mujeres y el fortalecimiento del sistema de salud. Desde su fundaci\u00f3n en 2008, la organizaci\u00f3n ha capacitado a miles de profesionales de atenci\u00f3n primaria utilizando t\u00e9cnicas novedosas. Ella narr\u00f3 su propio recorrido contra el c\u00e1ncer y el de otras mujeres en los libros <em>T\u00f3matelo a Pecho<\/em> y <em>Beauty without the Breast<\/em>.<\/p>\n\n<p>La amplia investigaci\u00f3n de la Dra. Knaul se ha centrado en la violencia contra las mujeres y los ni\u00f1os, el acceso al alivio del dolor y los cuidados paliativos, el c\u00e1ncer, los sistemas de salud y la reforma, el financiamiento de la salud, las mujeres y la salud, la pobreza y la desigualdad, la participaci\u00f3n de las mujeres en la fuerza laboral y los ni\u00f1os y j\u00f3venes en riesgo.<\/p>\n\n<p>Ha establecido y dirigido m\u00faltiples redes de investigaci\u00f3n globales. Dra. Knaul actualmente se desempe\u00f1a como copresidente de la Comisi\u00f3n Lancet sobre Violencia de G\u00e9nero y Maltrato de J\u00f3venes, y de la Comisi\u00f3n Lancet sobre C\u00e1ncer <em>y <\/em>Sistemas de Salud. De 2014 a 2017, fund\u00f3 y copresidi\u00f3 la comisi\u00f3n de The Lancet sobre el Acceso Global a los Cuidados Paliativos y el Alivio del Dolor y fue autora principal del informe de 2017 <em>Alleviating the access abyss in palliative care and pain relief \u2013 an imperative of universal health coverage<\/em> (Aliviar el abismo de acceso a los cuidados paliativos y el alivio del dolor: un imperativo de la cobertura sanitaria universal). De 2012 a 2015, la doctora Knaul contribuy\u00f3 a la comisi\u00f3n de The Lancet sobre la Mujer y la Salud como coautora principal, y m\u00e1s recientemente se desempe\u00f1\u00f3 en las Comisiones de The Lancet sobre el Valor de la Muerte (2022) y el C\u00e1ncer de Mama (2024). La Doctora Knaul tambi\u00e9n ha dirigido una serie de art\u00edculos sobre pol\u00edticas de salud en The Lancet que abarcan dos d\u00e9cadas de reformas en la salud en M\u00e9xico, el m\u00e1s reciente en 2023 que cubre la respuesta a la pandemia de COVID-19 y se origina en la serie de <em>The Lancet<\/em> sobre M\u00e9xico de 2006, que ella presidi\u00f3. Dra. Knaul tambi\u00e9n desempe\u00f1\u00f3 un papel de liderazgo en el establecimiento del <em>Observatorio Latam Covid-19<\/em>, que reuni\u00f3 a un grupo de investigadores de ocho pa\u00edses latinoamericanos para recopilar y analizar datos sobre COVID-19 y la formulaci\u00f3n de pol\u00edticas subnacionales.<\/p>\n\n<hr class=\"wp-block-separator has-text-color has-ucla-gold-color has-alpha-channel-opacity has-ucla-gold-background-color has-background is-style-wide\" style=\"margin-top:2.5rem;margin-bottom:2rem\"\/>\n\n<p class=\"has-text-align-center has-darker-blue-color has-text-color has-link-color wp-elements-09d40bf82b7e0fb8fa29161f76952418\" style=\"font-size:clamp(1.119rem, 1.119rem + ((1vw - 0.48rem) * 2.214), 1.75rem);line-height:1.4\">Mi trabajo acad\u00e9mico est\u00e1 profundamente arraigado en la salud global, con un enfoque en el fortalecimiento de los sistemas de salud, el avance de la equidad de g\u00e9nero y la mejora del acceso a la atenci\u00f3n para quienes m\u00e1s la necesitan. Es un privilegio ser parte de una comunidad en UCLA que est\u00e1 tan comprometida en derribar barreras y fomentar la colaboraci\u00f3n interdisciplinaria.<\/p>\n\n<hr class=\"wp-block-separator has-text-color has-ucla-gold-color has-alpha-channel-opacity has-ucla-gold-background-color has-background is-style-wide\" style=\"margin-top:2.5rem;margin-bottom:2rem\"\/>\n\n<div class=\"wp-block-group is-layout-flow wp-block-group-is-layout-flow\">\n<figure class=\"wp-block-image alignright size-full is-resized -mr-88px\"><img loading=\"lazy\" decoding=\"async\" width=\"952\" height=\"960\" src=\"https:\/\/chancellor.ucla.edu\/wp-content\/uploads\/2024\/12\/knaul2.jpg\" alt=\"Felicia Knaul sentada en un banco bajo una ventana.\" class=\"wp-image-4562\" style=\"width:476px\" srcset=\"https:\/\/chancellor.ucla.edu\/wp-content\/uploads\/2024\/12\/knaul2.jpg 952w, https:\/\/chancellor.ucla.edu\/wp-content\/uploads\/2024\/12\/knaul2-298x300.jpg 298w, https:\/\/chancellor.ucla.edu\/wp-content\/uploads\/2024\/12\/knaul2-150x150.jpg 150w, https:\/\/chancellor.ucla.edu\/wp-content\/uploads\/2024\/12\/knaul2-768x774.jpg 768w\" sizes=\"auto, (max-width: 952px) 100vw, 952px\" \/><\/figure>\n<\/div>\n\n<p>Antes de llegar a UCLA, la Dra. Knaul se desempe\u00f1\u00f3 como directora del Instituto de Estudios Avanzados de las Am\u00e9ricas y directora de la Oficina de Asuntos Hemisf\u00e9ricos y Globales de la Universidad de Miami, y fue profesora en la Facultad de Medicina Leonard M. Miller de la universidad. Dra. Knaul se desempe\u00f1\u00f3 anteriormente como directora de la Iniciativa de Equidad Global de Harvard y profesora asociada en la Facultad de Medicina de Harvard. En M\u00e9xico, mantiene una presencia activa en la investigaci\u00f3n, liderando un equipo de investigaci\u00f3n enfocado en la equidad en salud y colaborando con la Fundaci\u00f3n Mexicana para la Salud, el Instituto Nacional de Salud P\u00fablica y el Tecnol\u00f3gico de Monterrey.<\/p>\n\n<p>Anteriormente, ocup\u00f3 cargos de alto rango en la Secretar\u00eda de Educaci\u00f3n P\u00fablica y en la Secretar\u00eda de Desarrollo Social de M\u00e9xico y trabaj\u00f3 en los equipos que dise\u00f1aron e implementaron la reforma de salud mexicana (<em>Seguro Popular<\/em>) de 2003 y la reforma de salud colombiana de 1993. Mientras trabajaba en el Ministerio de Educaci\u00f3n de M\u00e9xico, la Dra. Knaul dise\u00f1\u00f3 e implement\u00f3 <em>Sigamos Aprendiendo en el Hospital<\/em>, un programa nacional innovador que estableci\u00f3 escuelas reconocidas oficialmente dentro de hospitales terciarios en todo el pa\u00eds.<\/p>\n\n<p>Dra. Knaul es miembro electa de la Academia Nacional de Medicina de M\u00e9xico, miembro investida de la Academia Canadiense de Ciencias de la Salud y miembro honoraria de la Academia Estadounidense de Enfermer\u00eda. Obtuvo una maestr\u00eda y un doctorado en econom\u00eda de la Universidad de Harvard, y su licenciatura en desarrollo internacional de la Universidad de Toronto.<\/p>\n\n<p>Ella y su esposo, Dr. Julio Frenk, tienen dos hijos, Sof\u00eda Hannah y Mariana Havivah.<\/p>\n","protected":false},"excerpt":{"rendered":"<p>Asociada del rector Felicia Marie Knaul, asociada del rector de UCLA y reconocida internacionalmente por su investigaci\u00f3n transformadora y transferible en salud global, sistemas de salud y econom\u00eda de la salud, centrada en la reducci\u00f3n de desigualdades. Tambi\u00e9n es profesora&#8230;<\/p>\n","protected":false},"author":3,"featured_media":6003,"parent":6388,"menu_order":0,"comment_status":"closed","ping_status":"closed","template":"","meta":{"footnotes":""},"class_list":["post-6392","page","type-page","status-publish","has-post-thumbnail","hentry"],"yoast_head":"<!-- This site is optimized with the Yoast SEO plugin v24.9 - https:\/\/yoast.com\/wordpress\/plugins\/seo\/ -->\n<title>Felicia Marie Knaul - UCLA Office of the Chancellor<\/title>\n<meta name=\"robots\" content=\"index, follow, max-snippet:-1, max-image-preview:large, max-video-preview:-1\" \/>\n<link rel=\"canonical\" href=\"https:\/\/chancellor.ucla.edu\/es\/about\/associate-of-the-chancellor\" \/>\n<meta property=\"og:locale\" content=\"es_ES\" \/>\n<meta property=\"og:type\" content=\"article\" \/>\n<meta property=\"og:title\" content=\"Felicia Marie Knaul - UCLA Office of the Chancellor\" \/>\n<meta property=\"og:description\" content=\"Asociada del rector Felicia Marie Knaul, asociada del rector de UCLA y reconocida internacionalmente por su investigaci\u00f3n transformadora y transferible en salud global, sistemas de salud y econom\u00eda de la salud, centrada en la reducci\u00f3n de desigualdades. Tambi\u00e9n es profesora...\" \/>\n<meta property=\"og:url\" content=\"https:\/\/chancellor.ucla.edu\/es\/about\/associate-of-the-chancellor\" \/>\n<meta property=\"og:site_name\" content=\"Office of the Chancellor\" \/>\n<meta property=\"article:modified_time\" content=\"2025-09-04T16:13:25+00:00\" \/>\n<meta property=\"og:image\" content=\"https:\/\/chancellor.ucla.edu\/wp-content\/uploads\/2024\/12\/knaul_EXPANDED_2-scaled.jpg\" \/>\n\t<meta property=\"og:image:width\" content=\"2560\" \/>\n\t<meta property=\"og:image:height\" content=\"1134\" \/>\n\t<meta property=\"og:image:type\" content=\"image\/jpeg\" \/>\n<meta name=\"twitter:card\" content=\"summary_large_image\" \/>\n<meta name=\"twitter:site\" content=\"@uclachancellor\" \/>\n<meta name=\"twitter:label1\" content=\"Est. reading time\" \/>\n\t<meta name=\"twitter:data1\" content=\"5 minutes\" \/>\n<script type=\"application\/ld+json\" class=\"yoast-schema-graph\">{\"@context\":\"https:\/\/schema.org\",\"@graph\":[{\"@type\":\"WebPage\",\"@id\":\"https:\/\/chancellor.ucla.edu\/es\/about\/associate-of-the-chancellor\",\"url\":\"https:\/\/chancellor.ucla.edu\/es\/about\/associate-of-the-chancellor\",\"name\":\"Felicia Marie Knaul - UCLA Office of the Chancellor\",\"isPartOf\":{\"@id\":\"https:\/\/chancellor.ucla.edu\/#website\"},\"primaryImageOfPage\":{\"@id\":\"https:\/\/chancellor.ucla.edu\/es\/about\/associate-of-the-chancellor#primaryimage\"},\"image\":{\"@id\":\"https:\/\/chancellor.ucla.edu\/es\/about\/associate-of-the-chancellor#primaryimage\"},\"thumbnailUrl\":\"https:\/\/chancellor.ucla.edu\/wp-content\/uploads\/2024\/12\/knaul_EXPANDED_2-scaled.jpg\",\"datePublished\":\"2024-10-12T02:38:52+00:00\",\"dateModified\":\"2025-09-04T16:13:25+00:00\",\"breadcrumb\":{\"@id\":\"https:\/\/chancellor.ucla.edu\/es\/about\/associate-of-the-chancellor#breadcrumb\"},\"inLanguage\":\"es-ES\",\"potentialAction\":[{\"@type\":\"ReadAction\",\"target\":[\"https:\/\/chancellor.ucla.edu\/es\/about\/associate-of-the-chancellor\"]}]},{\"@type\":\"ImageObject\",\"inLanguage\":\"es-ES\",\"@id\":\"https:\/\/chancellor.ucla.edu\/es\/about\/associate-of-the-chancellor#primaryimage\",\"url\":\"https:\/\/chancellor.ucla.edu\/wp-content\/uploads\/2024\/12\/knaul_EXPANDED_2-scaled.jpg\",\"contentUrl\":\"https:\/\/chancellor.ucla.edu\/wp-content\/uploads\/2024\/12\/knaul_EXPANDED_2-scaled.jpg\",\"width\":2560,\"height\":1134},{\"@type\":\"BreadcrumbList\",\"@id\":\"https:\/\/chancellor.ucla.edu\/es\/about\/associate-of-the-chancellor#breadcrumb\",\"itemListElement\":[{\"@type\":\"ListItem\",\"position\":1,\"name\":\"Home\",\"item\":\"https:\/\/chancellor.ucla.edu\/\"},{\"@type\":\"ListItem\",\"position\":2,\"name\":\"Acerca de la Oficina\",\"item\":\"https:\/\/chancellor.ucla.edu\/es\/about\"},{\"@type\":\"ListItem\",\"position\":3,\"name\":\"Felicia Marie Knaul\"}]},{\"@type\":\"WebSite\",\"@id\":\"https:\/\/chancellor.ucla.edu\/#website\",\"url\":\"https:\/\/chancellor.ucla.edu\/\",\"name\":\"UCLA Office of the Chancellor\",\"description\":\"\",\"publisher\":{\"@id\":\"https:\/\/chancellor.ucla.edu\/#organization\"},\"potentialAction\":[{\"@type\":\"SearchAction\",\"target\":{\"@type\":\"EntryPoint\",\"urlTemplate\":\"https:\/\/chancellor.ucla.edu\/?s={search_term_string}\"},\"query-input\":{\"@type\":\"PropertyValueSpecification\",\"valueRequired\":true,\"valueName\":\"search_term_string\"}}],\"inLanguage\":\"es-ES\"},{\"@type\":\"Organization\",\"@id\":\"https:\/\/chancellor.ucla.edu\/#organization\",\"name\":\"Office of the Chancellor\",\"url\":\"https:\/\/chancellor.ucla.edu\/\",\"logo\":{\"@type\":\"ImageObject\",\"inLanguage\":\"es-ES\",\"@id\":\"https:\/\/chancellor.ucla.edu\/#\/schema\/logo\/image\/\",\"url\":\"https:\/\/chancellor.ucla.edu\/wp-content\/uploads\/2020\/04\/tLkJo36s_400x400-1.jpg\",\"contentUrl\":\"https:\/\/chancellor.ucla.edu\/wp-content\/uploads\/2020\/04\/tLkJo36s_400x400-1.jpg\",\"width\":400,\"height\":400,\"caption\":\"Office of the Chancellor\"},\"image\":{\"@id\":\"https:\/\/chancellor.ucla.edu\/#\/schema\/logo\/image\/\"},\"sameAs\":[\"https:\/\/x.com\/uclachancellor\",\"https:\/\/www.instagram.com\/uclachancellor\/\"]}]}<\/script>\n<!-- \/ Yoast SEO plugin. -->","yoast_head_json":{"title":"Felicia Marie Knaul - UCLA Office of the Chancellor","robots":{"index":"index","follow":"follow","max-snippet":"max-snippet:-1","max-image-preview":"max-image-preview:large","max-video-preview":"max-video-preview:-1"},"canonical":"https:\/\/chancellor.ucla.edu\/es\/about\/associate-of-the-chancellor","og_locale":"es_ES","og_type":"article","og_title":"Felicia Marie Knaul - UCLA Office of the Chancellor","og_description":"Asociada del rector Felicia Marie Knaul, asociada del rector de UCLA y reconocida internacionalmente por su investigaci\u00f3n transformadora y transferible en salud global, sistemas de salud y econom\u00eda de la salud, centrada en la reducci\u00f3n de desigualdades. Tambi\u00e9n es profesora...","og_url":"https:\/\/chancellor.ucla.edu\/es\/about\/associate-of-the-chancellor","og_site_name":"Office of the Chancellor","article_modified_time":"2025-09-04T16:13:25+00:00","og_image":[{"width":2560,"height":1134,"url":"https:\/\/chancellor.ucla.edu\/wp-content\/uploads\/2024\/12\/knaul_EXPANDED_2-scaled.jpg","type":"image\/jpeg"}],"twitter_card":"summary_large_image","twitter_site":"@uclachancellor","twitter_misc":{"Est. reading time":"5 minutes"},"schema":{"@context":"https:\/\/schema.org","@graph":[{"@type":"WebPage","@id":"https:\/\/chancellor.ucla.edu\/es\/about\/associate-of-the-chancellor","url":"https:\/\/chancellor.ucla.edu\/es\/about\/associate-of-the-chancellor","name":"Felicia Marie Knaul - UCLA Office of the Chancellor","isPartOf":{"@id":"https:\/\/chancellor.ucla.edu\/#website"},"primaryImageOfPage":{"@id":"https:\/\/chancellor.ucla.edu\/es\/about\/associate-of-the-chancellor#primaryimage"},"image":{"@id":"https:\/\/chancellor.ucla.edu\/es\/about\/associate-of-the-chancellor#primaryimage"},"thumbnailUrl":"https:\/\/chancellor.ucla.edu\/wp-content\/uploads\/2024\/12\/knaul_EXPANDED_2-scaled.jpg","datePublished":"2024-10-12T02:38:52+00:00","dateModified":"2025-09-04T16:13:25+00:00","breadcrumb":{"@id":"https:\/\/chancellor.ucla.edu\/es\/about\/associate-of-the-chancellor#breadcrumb"},"inLanguage":"es-ES","potentialAction":[{"@type":"ReadAction","target":["https:\/\/chancellor.ucla.edu\/es\/about\/associate-of-the-chancellor"]}]},{"@type":"ImageObject","inLanguage":"es-ES","@id":"https:\/\/chancellor.ucla.edu\/es\/about\/associate-of-the-chancellor#primaryimage","url":"https:\/\/chancellor.ucla.edu\/wp-content\/uploads\/2024\/12\/knaul_EXPANDED_2-scaled.jpg","contentUrl":"https:\/\/chancellor.ucla.edu\/wp-content\/uploads\/2024\/12\/knaul_EXPANDED_2-scaled.jpg","width":2560,"height":1134},{"@type":"BreadcrumbList","@id":"https:\/\/chancellor.ucla.edu\/es\/about\/associate-of-the-chancellor#breadcrumb","itemListElement":[{"@type":"ListItem","position":1,"name":"Home","item":"https:\/\/chancellor.ucla.edu\/"},{"@type":"ListItem","position":2,"name":"Acerca de la Oficina","item":"https:\/\/chancellor.ucla.edu\/es\/about"},{"@type":"ListItem","position":3,"name":"Felicia Marie Knaul"}]},{"@type":"WebSite","@id":"https:\/\/chancellor.ucla.edu\/#website","url":"https:\/\/chancellor.ucla.edu\/","name":"UCLA Office of the Chancellor","description":"","publisher":{"@id":"https:\/\/chancellor.ucla.edu\/#organization"},"potentialAction":[{"@type":"SearchAction","target":{"@type":"EntryPoint","urlTemplate":"https:\/\/chancellor.ucla.edu\/?s={search_term_string}"},"query-input":{"@type":"PropertyValueSpecification","valueRequired":true,"valueName":"search_term_string"}}],"inLanguage":"es-ES"},{"@type":"Organization","@id":"https:\/\/chancellor.ucla.edu\/#organization","name":"Office of the Chancellor","url":"https:\/\/chancellor.ucla.edu\/","logo":{"@type":"ImageObject","inLanguage":"es-ES","@id":"https:\/\/chancellor.ucla.edu\/#\/schema\/logo\/image\/","url":"https:\/\/chancellor.ucla.edu\/wp-content\/uploads\/2020\/04\/tLkJo36s_400x400-1.jpg","contentUrl":"https:\/\/chancellor.ucla.edu\/wp-content\/uploads\/2020\/04\/tLkJo36s_400x400-1.jpg","width":400,"height":400,"caption":"Office of the Chancellor"},"image":{"@id":"https:\/\/chancellor.ucla.edu\/#\/schema\/logo\/image\/"},"sameAs":["https:\/\/x.com\/uclachancellor","https:\/\/www.instagram.com\/uclachancellor\/"]}]}},"_links":{"self":[{"href":"https:\/\/chancellor.ucla.edu\/es\/wp-json\/wp\/v2\/pages\/6392","targetHints":{"allow":["GET"]}}],"collection":[{"href":"https:\/\/chancellor.ucla.edu\/es\/wp-json\/wp\/v2\/pages"}],"about":[{"href":"https:\/\/chancellor.ucla.edu\/es\/wp-json\/wp\/v2\/types\/page"}],"author":[{"embeddable":true,"href":"https:\/\/chancellor.ucla.edu\/es\/wp-json\/wp\/v2\/users\/3"}],"replies":[{"embeddable":true,"href":"https:\/\/chancellor.ucla.edu\/es\/wp-json\/wp\/v2\/comments?post=6392"}],"version-history":[{"count":1,"href":"https:\/\/chancellor.ucla.edu\/es\/wp-json\/wp\/v2\/pages\/6392\/revisions"}],"predecessor-version":[{"id":6393,"href":"https:\/\/chancellor.ucla.edu\/es\/wp-json\/wp\/v2\/pages\/6392\/revisions\/6393"}],"up":[{"embeddable":true,"href":"https:\/\/chancellor.ucla.edu\/es\/wp-json\/wp\/v2\/pages\/6388"}],"wp:featuredmedia":[{"embeddable":true,"href":"https:\/\/chancellor.ucla.edu\/es\/wp-json\/wp\/v2\/media\/6003"}],"wp:attachment":[{"href":"https:\/\/chancellor.ucla.edu\/es\/wp-json\/wp\/v2\/media?parent=6392"}],"curies":[{"name":"wp","href":"https:\/\/api.w.org\/{rel}","templated":true}]}}