{"id":6394,"date":"2024-10-28T09:56:06","date_gmt":"2024-10-28T16:56:06","guid":{"rendered":"https:\/\/chancellor.ucla.edu\/contacto"},"modified":"2025-09-04T09:12:06","modified_gmt":"2025-09-04T16:12:06","slug":"contact","status":"publish","type":"page","link":"https:\/\/chancellor.ucla.edu\/es\/contact","title":{"rendered":"Contacto"},"content":{"rendered":"\n<div class=\"wp-block-group alignwide has-global-padding is-content-justification-left is-layout-constrained wp-container-core-group-is-layout-12dd3699 wp-block-group-is-layout-constrained\">\n<hr class=\"wp-block-separator has-text-color has-ucla-gold-color has-alpha-channel-opacity has-ucla-gold-background-color has-background is-style-ucla-full\"\/>\n\n\n\n<p>Dirija sus consultas generales para la Oficina del Rector a <a href=\"mailto:chancellor@ucla.edu\">chancellor@ucla.edu.<\/a><\/p>\n\n\n\n<p>Es posible que los correos electr\u00f3nicos enviados a la Oficina del Rector sean le\u00eddos y respondidos por miembros de su personal u otro personal de la universidad. Las respuestas indicar\u00e1n qui\u00e9n le est\u00e1 respondiendo.<\/p>\n\n\n\n<p><strong>Correo de los Estados Unidos<\/strong><br\/>Oficina del Rector de UCLA\u2028<br\/>Box 951405, 2147 Murphy Hall\u2028<br\/>Los Angeles, CA 90095-1405<\/p>\n\n\n\n<p><strong>Correo del campus<\/strong><br\/>2147 Murphy Hall\u2028<br\/>C\u00f3digo de correo: 140501<\/p>\n\n\n\n<p><strong>Tel\u00e9fono<\/strong><br\/>(310) 825-2151<\/p>\n\n\n\n<p><strong>Fax<\/strong><br\/>(310) 206-6030<\/p>\n\n\n\n<p>Tenga en cuenta que el Servicio de Comunicaci\u00f3n del Rector conserva copias de toda la correspondencia, y toda la correspondencia se considera un asunto de registro p\u00fablico.<\/p>\n\n\n\n<h2 class=\"wp-block-heading mt-7\" style=\"font-size:clamp(1.119rem, 1.119rem + ((1vw - 0.48rem) * 2.214), 1.75rem);\">Personal de apoyo<\/h2>\n\n\n\n<p>El personal de apoyo del rector administra los requisitos diarios de la oficina, incluyendo comunicaciones, contactos, el calendario, viajes, divulgaci\u00f3n p\u00fablica, resoluci\u00f3n de conflictos, investigaci\u00f3n y otras actividades profesionales. El personal asegura la integraci\u00f3n de los objetivos y prioridades de UCLA, y trabaja con el rector para coordinar sus muchas citas con estudiantes, profesores, personal, miembros de la universidad y l\u00edderes comunitarios.<\/p>\n\n\n\n<p>Julie Sina<br\/>Jefa de Gabinete<br\/><a href=\"mailto:jsina@conet.ucla.edu\">jsina@conet.ucla.edu<\/a><\/p>\n\n\n\n<h2 class=\"wp-block-heading mt-7\" style=\"font-size:clamp(1.119rem, 1.119rem + ((1vw - 0.48rem) * 2.214), 1.75rem);\">Liderazgo en el campus<\/h2>\n\n\n\n<p>Para obtener m\u00e1s informaci\u00f3n y para contactar a otros miembros del liderazgo de UCLA, <a href=\"https:\/\/www.ucla.edu\/about\/leadership\">haga clic aqu\u00ed.<\/a><\/p>\n<\/div>\n\n<p><\/p>\n","protected":false},"excerpt":{"rendered":"<p>Dirija sus consultas generales para la Oficina del Rector a chancellor@ucla.edu. Es posible que los correos electr\u00f3nicos enviados a la Oficina del Rector sean le\u00eddos y respondidos por miembros de su personal u otro personal de la universidad. Las respuestas&#8230;<\/p>\n","protected":false},"author":3,"featured_media":5992,"parent":0,"menu_order":0,"comment_status":"closed","ping_status":"closed","template":"page-wide.php","meta":{"footnotes":""},"class_list":["post-6394","page","type-page","status-publish","has-post-thumbnail","hentry"],"yoast_head":"<!-- This site is optimized with the Yoast SEO plugin v24.9 - https:\/\/yoast.com\/wordpress\/plugins\/seo\/ -->\n<title>Contacto - UCLA Office of the Chancellor<\/title>\n<meta name=\"robots\" content=\"index, follow, max-snippet:-1, max-image-preview:large, max-video-preview:-1\" \/>\n<link rel=\"canonical\" href=\"https:\/\/chancellor.ucla.edu\/es\/contact\" \/>\n<meta property=\"og:locale\" content=\"es_ES\" \/>\n<meta property=\"og:type\" content=\"article\" \/>\n<meta property=\"og:title\" content=\"Contacto - UCLA Office of the Chancellor\" \/>\n<meta property=\"og:description\" content=\"Dirija sus consultas generales para la Oficina del Rector a chancellor@ucla.edu. Es posible que los correos electr\u00f3nicos enviados a la Oficina del Rector sean le\u00eddos y respondidos por miembros de su personal u otro personal de la universidad. Las respuestas...\" \/>\n<meta property=\"og:url\" content=\"https:\/\/chancellor.ucla.edu\/es\/contact\" \/>\n<meta property=\"og:site_name\" content=\"Office of the Chancellor\" \/>\n<meta property=\"article:modified_time\" content=\"2025-09-04T16:12:06+00:00\" \/>\n<meta property=\"og:image\" content=\"https:\/\/chancellor.ucla.edu\/wp-content\/uploads\/2024\/10\/ucla-chancellor_contact.png\" \/>\n\t<meta property=\"og:image:width\" content=\"1440\" \/>\n\t<meta property=\"og:image:height\" content=\"501\" \/>\n\t<meta property=\"og:image:type\" content=\"image\/png\" \/>\n<meta name=\"twitter:card\" content=\"summary_large_image\" \/>\n<meta name=\"twitter:site\" content=\"@uclachancellor\" \/>\n<meta name=\"twitter:label1\" content=\"Est. reading time\" \/>\n\t<meta name=\"twitter:data1\" content=\"2 minutes\" \/>\n<script type=\"application\/ld+json\" class=\"yoast-schema-graph\">{\"@context\":\"https:\/\/schema.org\",\"@graph\":[{\"@type\":\"WebPage\",\"@id\":\"https:\/\/chancellor.ucla.edu\/es\/contact\",\"url\":\"https:\/\/chancellor.ucla.edu\/es\/contact\",\"name\":\"Contacto - UCLA Office of the Chancellor\",\"isPartOf\":{\"@id\":\"https:\/\/chancellor.ucla.edu\/#website\"},\"primaryImageOfPage\":{\"@id\":\"https:\/\/chancellor.ucla.edu\/es\/contact#primaryimage\"},\"image\":{\"@id\":\"https:\/\/chancellor.ucla.edu\/es\/contact#primaryimage\"},\"thumbnailUrl\":\"https:\/\/chancellor.ucla.edu\/wp-content\/uploads\/2024\/10\/ucla-chancellor_contact.png\",\"datePublished\":\"2024-10-28T16:56:06+00:00\",\"dateModified\":\"2025-09-04T16:12:06+00:00\",\"breadcrumb\":{\"@id\":\"https:\/\/chancellor.ucla.edu\/es\/contact#breadcrumb\"},\"inLanguage\":\"es-ES\",\"potentialAction\":[{\"@type\":\"ReadAction\",\"target\":[\"https:\/\/chancellor.ucla.edu\/es\/contact\"]}]},{\"@type\":\"ImageObject\",\"inLanguage\":\"es-ES\",\"@id\":\"https:\/\/chancellor.ucla.edu\/es\/contact#primaryimage\",\"url\":\"https:\/\/chancellor.ucla.edu\/wp-content\/uploads\/2024\/10\/ucla-chancellor_contact.png\",\"contentUrl\":\"https:\/\/chancellor.ucla.edu\/wp-content\/uploads\/2024\/10\/ucla-chancellor_contact.png\",\"width\":1440,\"height\":501},{\"@type\":\"BreadcrumbList\",\"@id\":\"https:\/\/chancellor.ucla.edu\/es\/contact#breadcrumb\",\"itemListElement\":[{\"@type\":\"ListItem\",\"position\":1,\"name\":\"Home\",\"item\":\"https:\/\/chancellor.ucla.edu\/\"},{\"@type\":\"ListItem\",\"position\":2,\"name\":\"Contacto\"}]},{\"@type\":\"WebSite\",\"@id\":\"https:\/\/chancellor.ucla.edu\/#website\",\"url\":\"https:\/\/chancellor.ucla.edu\/\",\"name\":\"UCLA Office of the Chancellor\",\"description\":\"\",\"publisher\":{\"@id\":\"https:\/\/chancellor.ucla.edu\/#organization\"},\"potentialAction\":[{\"@type\":\"SearchAction\",\"target\":{\"@type\":\"EntryPoint\",\"urlTemplate\":\"https:\/\/chancellor.ucla.edu\/?s={search_term_string}\"},\"query-input\":{\"@type\":\"PropertyValueSpecification\",\"valueRequired\":true,\"valueName\":\"search_term_string\"}}],\"inLanguage\":\"es-ES\"},{\"@type\":\"Organization\",\"@id\":\"https:\/\/chancellor.ucla.edu\/#organization\",\"name\":\"Office of the Chancellor\",\"url\":\"https:\/\/chancellor.ucla.edu\/\",\"logo\":{\"@type\":\"ImageObject\",\"inLanguage\":\"es-ES\",\"@id\":\"https:\/\/chancellor.ucla.edu\/#\/schema\/logo\/image\/\",\"url\":\"https:\/\/chancellor.ucla.edu\/wp-content\/uploads\/2020\/04\/tLkJo36s_400x400-1.jpg\",\"contentUrl\":\"https:\/\/chancellor.ucla.edu\/wp-content\/uploads\/2020\/04\/tLkJo36s_400x400-1.jpg\",\"width\":400,\"height\":400,\"caption\":\"Office of the Chancellor\"},\"image\":{\"@id\":\"https:\/\/chancellor.ucla.edu\/#\/schema\/logo\/image\/\"},\"sameAs\":[\"https:\/\/x.com\/uclachancellor\",\"https:\/\/www.instagram.com\/uclachancellor\/\"]}]}<\/script>\n<!-- \/ Yoast SEO plugin. -->","yoast_head_json":{"title":"Contacto - UCLA Office of the Chancellor","robots":{"index":"index","follow":"follow","max-snippet":"max-snippet:-1","max-image-preview":"max-image-preview:large","max-video-preview":"max-video-preview:-1"},"canonical":"https:\/\/chancellor.ucla.edu\/es\/contact","og_locale":"es_ES","og_type":"article","og_title":"Contacto - UCLA Office of the Chancellor","og_description":"Dirija sus consultas generales para la Oficina del Rector a chancellor@ucla.edu. Es posible que los correos electr\u00f3nicos enviados a la Oficina del Rector sean le\u00eddos y respondidos por miembros de su personal u otro personal de la universidad. Las respuestas...","og_url":"https:\/\/chancellor.ucla.edu\/es\/contact","og_site_name":"Office of the Chancellor","article_modified_time":"2025-09-04T16:12:06+00:00","og_image":[{"width":1440,"height":501,"url":"https:\/\/chancellor.ucla.edu\/wp-content\/uploads\/2024\/10\/ucla-chancellor_contact.png","type":"image\/png"}],"twitter_card":"summary_large_image","twitter_site":"@uclachancellor","twitter_misc":{"Est. reading time":"2 minutes"},"schema":{"@context":"https:\/\/schema.org","@graph":[{"@type":"WebPage","@id":"https:\/\/chancellor.ucla.edu\/es\/contact","url":"https:\/\/chancellor.ucla.edu\/es\/contact","name":"Contacto - UCLA Office of the Chancellor","isPartOf":{"@id":"https:\/\/chancellor.ucla.edu\/#website"},"primaryImageOfPage":{"@id":"https:\/\/chancellor.ucla.edu\/es\/contact#primaryimage"},"image":{"@id":"https:\/\/chancellor.ucla.edu\/es\/contact#primaryimage"},"thumbnailUrl":"https:\/\/chancellor.ucla.edu\/wp-content\/uploads\/2024\/10\/ucla-chancellor_contact.png","datePublished":"2024-10-28T16:56:06+00:00","dateModified":"2025-09-04T16:12:06+00:00","breadcrumb":{"@id":"https:\/\/chancellor.ucla.edu\/es\/contact#breadcrumb"},"inLanguage":"es-ES","potentialAction":[{"@type":"ReadAction","target":["https:\/\/chancellor.ucla.edu\/es\/contact"]}]},{"@type":"ImageObject","inLanguage":"es-ES","@id":"https:\/\/chancellor.ucla.edu\/es\/contact#primaryimage","url":"https:\/\/chancellor.ucla.edu\/wp-content\/uploads\/2024\/10\/ucla-chancellor_contact.png","contentUrl":"https:\/\/chancellor.ucla.edu\/wp-content\/uploads\/2024\/10\/ucla-chancellor_contact.png","width":1440,"height":501},{"@type":"BreadcrumbList","@id":"https:\/\/chancellor.ucla.edu\/es\/contact#breadcrumb","itemListElement":[{"@type":"ListItem","position":1,"name":"Home","item":"https:\/\/chancellor.ucla.edu\/"},{"@type":"ListItem","position":2,"name":"Contacto"}]},{"@type":"WebSite","@id":"https:\/\/chancellor.ucla.edu\/#website","url":"https:\/\/chancellor.ucla.edu\/","name":"UCLA Office of the Chancellor","description":"","publisher":{"@id":"https:\/\/chancellor.ucla.edu\/#organization"},"potentialAction":[{"@type":"SearchAction","target":{"@type":"EntryPoint","urlTemplate":"https:\/\/chancellor.ucla.edu\/?s={search_term_string}"},"query-input":{"@type":"PropertyValueSpecification","valueRequired":true,"valueName":"search_term_string"}}],"inLanguage":"es-ES"},{"@type":"Organization","@id":"https:\/\/chancellor.ucla.edu\/#organization","name":"Office of the Chancellor","url":"https:\/\/chancellor.ucla.edu\/","logo":{"@type":"ImageObject","inLanguage":"es-ES","@id":"https:\/\/chancellor.ucla.edu\/#\/schema\/logo\/image\/","url":"https:\/\/chancellor.ucla.edu\/wp-content\/uploads\/2020\/04\/tLkJo36s_400x400-1.jpg","contentUrl":"https:\/\/chancellor.ucla.edu\/wp-content\/uploads\/2020\/04\/tLkJo36s_400x400-1.jpg","width":400,"height":400,"caption":"Office of the Chancellor"},"image":{"@id":"https:\/\/chancellor.ucla.edu\/#\/schema\/logo\/image\/"},"sameAs":["https:\/\/x.com\/uclachancellor","https:\/\/www.instagram.com\/uclachancellor\/"]}]}},"_links":{"self":[{"href":"https:\/\/chancellor.ucla.edu\/es\/wp-json\/wp\/v2\/pages\/6394","targetHints":{"allow":["GET"]}}],"collection":[{"href":"https:\/\/chancellor.ucla.edu\/es\/wp-json\/wp\/v2\/pages"}],"about":[{"href":"https:\/\/chancellor.ucla.edu\/es\/wp-json\/wp\/v2\/types\/page"}],"author":[{"embeddable":true,"href":"https:\/\/chancellor.ucla.edu\/es\/wp-json\/wp\/v2\/users\/3"}],"replies":[{"embeddable":true,"href":"https:\/\/chancellor.ucla.edu\/es\/wp-json\/wp\/v2\/comments?post=6394"}],"version-history":[{"count":1,"href":"https:\/\/chancellor.ucla.edu\/es\/wp-json\/wp\/v2\/pages\/6394\/revisions"}],"predecessor-version":[{"id":6395,"href":"https:\/\/chancellor.ucla.edu\/es\/wp-json\/wp\/v2\/pages\/6394\/revisions\/6395"}],"wp:featuredmedia":[{"embeddable":true,"href":"https:\/\/chancellor.ucla.edu\/es\/wp-json\/wp\/v2\/media\/5992"}],"wp:attachment":[{"href":"https:\/\/chancellor.ucla.edu\/es\/wp-json\/wp\/v2\/media?parent=6394"}],"curies":[{"name":"wp","href":"https:\/\/api.w.org\/{rel}","templated":true}]}}